{"id":1010,"date":"2016-09-30T00:37:10","date_gmt":"2016-09-30T00:37:10","guid":{"rendered":"http:\/\/www.cantodoriofc.com.br\/site\/?page_id=1010"},"modified":"2023-04-27T13:56:00","modified_gmt":"2023-04-27T13:56:00","slug":"futebol-de-salao","status":"publish","type":"page","link":"https:\/\/cantodoriofc.com.br\/site\/futebol-de-salao\/","title":{"rendered":"Futebol de Sal\u00e3o"},"content":{"rendered":"<p style=\"text-align: justify;\"><img fetchpriority=\"high\" decoding=\"async\" class=\" size-full wp-image-1011 alignright\" src=\"http:\/\/www.cantodoriofc.com.br\/site\/wp-content\/uploads\/2016\/09\/fut.jpg\" alt=\"fut\" width=\"346\" height=\"205\" \/>N\u00e3o \u00e9 de hoje que o futebol de sal\u00e3o do Cantusca forma talentos. Em 1984 tivemos a honra de conquistar o Campeonato Estadual de Futebol de Sal\u00e3o do Rio de Janeiro. Em 1987 o time foi tetracampe\u00e3o niteroiense de Futebol de Sal\u00e3o. Em 1988, o time do Cantusca foi bicampe\u00e3o do Torneio In\u00edcio do Campeonato Estadual de Futebol de Sal\u00e3o com atletas como Nilton Luiz de Macedo e o goleiro M\u00e1rcio Considera, o Ti\u00e7a. Neste mesmo per\u00edodo ganhou a TA\u00c7A ARARIB\u00d3IA disputada no Caio Martins com equipes de todo estado. No mesmo ano, o time foi vice-campe\u00e3o do Campeonato Carioca no Maracan\u00e3zinho. A equipe ainda foi campe\u00e3 invicta da Ta\u00e7a da Amizade em S\u00e3o Paulo, vencendo poderosas equipes de S\u00e3o Paulo e do Sul do pais.<\/p>\n<p style=\"text-align: justify;\">Em 1989 o time cedeu diversos atletas para compor a Sele\u00e7\u00e3o Carioca de Futebol de Sal\u00e3o. O time composto por Ti\u00e7a, Acacio, Zezinho, Zez\u00e3o, Richard, Renato, Rog\u00e9rio, entre outros, participou do Brasileiro de Sele\u00e7\u00f5es,\u00a0que aconteceu no Espirito Santo.<\/p>\n","protected":false},"excerpt":{"rendered":"<p>N\u00e3o \u00e9 de hoje que o futebol de sal\u00e3o do Cantusca forma talentos. Em 1984 tivemos a honra de conquistar o Campeonato Estadual de Futebol de Sal\u00e3o do Rio de Janeiro. Em 1987 o time foi tetracampe\u00e3o niteroiense de Futebol de Sal\u00e3o. Em 1988, o time do Cantusca foi bicampe\u00e3o do Torneio In\u00edcio do Campeonato<\/p>\n<p class=\"more-link\"><a href=\"https:\/\/cantodoriofc.com.br\/site\/futebol-de-salao\/\" class=\"themebutton\">Read More<\/a><\/p>\n","protected":false},"author":1,"featured_media":0,"parent":0,"menu_order":0,"comment_status":"closed","ping_status":"closed","template":"","meta":{"footnotes":"","_links_to":"","_links_to_target":""},"class_list":["post-1010","page","type-page","status-publish","hentry"],"_links":{"self":[{"href":"https:\/\/cantodoriofc.com.br\/site\/wp-json\/wp\/v2\/pages\/1010","targetHints":{"allow":["GET"]}}],"collection":[{"href":"https:\/\/cantodoriofc.com.br\/site\/wp-json\/wp\/v2\/pages"}],"about":[{"href":"https:\/\/cantodoriofc.com.br\/site\/wp-json\/wp\/v2\/types\/page"}],"author":[{"embeddable":true,"href":"https:\/\/cantodoriofc.com.br\/site\/wp-json\/wp\/v2\/users\/1"}],"replies":[{"embeddable":true,"href":"https:\/\/cantodoriofc.com.br\/site\/wp-json\/wp\/v2\/comments?post=1010"}],"version-history":[{"count":1,"href":"https:\/\/cantodoriofc.com.br\/site\/wp-json\/wp\/v2\/pages\/1010\/revisions"}],"predecessor-version":[{"id":3397,"href":"https:\/\/cantodoriofc.com.br\/site\/wp-json\/wp\/v2\/pages\/1010\/revisions\/3397"}],"wp:attachment":[{"href":"https:\/\/cantodoriofc.com.br\/site\/wp-json\/wp\/v2\/media?parent=1010"}],"curies":[{"name":"wp","href":"https:\/\/api.w.org\/{rel}","templated":true}]}}