{"id":1014,"date":"2016-09-30T00:40:30","date_gmt":"2016-09-30T00:40:30","guid":{"rendered":"http:\/\/www.cantodoriofc.com.br\/site\/?page_id=1014"},"modified":"2023-04-27T13:56:33","modified_gmt":"2023-04-27T13:56:33","slug":"polo-aquatico","status":"publish","type":"page","link":"https:\/\/cantodoriofc.com.br\/site\/polo-aquatico\/","title":{"rendered":"Polo Aqu\u00e1tico"},"content":{"rendered":"<p style=\"text-align: justify;\"><a href=\"http:\/\/www.cantodoriofc.com.br\/site\/wp-content\/uploads\/2016\/09\/Polo_1.jpg\" rel=\"lightbox\"><img decoding=\"async\" class=\" size-medium wp-image-1083 alignleft\" src=\"http:\/\/www.cantodoriofc.com.br\/site\/wp-content\/uploads\/2016\/09\/Polo_1-300x164.jpg\" alt=\"Polo_1\" width=\"300\" height=\"164\" \/><\/a>O Canto do Rio foi o clube pioneiro entre as agremia\u00e7\u00f5es de Niter\u00f3i nos desportos aqu\u00e1ticos. Na d\u00e9cada de 70, as equipes de polo aqu\u00e1tico e de nata\u00e7\u00e3o do Canto do Rio tinham um \u00f4nibus somente para lev\u00e1-los at\u00e9 as competi\u00e7\u00f5es realizadas no Rio. Em 1974, o Cantusca foi vice-campe\u00e3o no Torneio In\u00edcio de Polo Aqu\u00e1tico da Federa\u00e7\u00e3o Aqu\u00e1tica do Estado do Rio de Janeiro (FARJ).<\/p>\n<p style=\"text-align: justify;\">Temos em nossa hist\u00f3ria importantes nomes como os de Ricardo Couto, primeiro atleta de polo aqu\u00e1tico de Niter\u00f3i convocado para sele\u00e7\u00e3o brasileira e Mario Eduardo Souto que representou o Brasil nas Olimp\u00edadas de Los Angeles em 1984.<\/p>\n<p style=\"text-align: justify;\">Em 1987 entramos para a hist\u00f3ria das Olimp\u00edadas. Ayrton Pontes de Carvalho Silva conquista o bronze nas Olimp\u00edadas de Indian\u00e1polis e enche de orgulho os cora\u00e7\u00f5es cantorrienses.<\/p>\n","protected":false},"excerpt":{"rendered":"<p>O Canto do Rio foi o clube pioneiro entre as agremia\u00e7\u00f5es de Niter\u00f3i nos desportos aqu\u00e1ticos. Na d\u00e9cada de 70, as equipes de polo aqu\u00e1tico e de nata\u00e7\u00e3o do Canto do Rio tinham um \u00f4nibus somente para lev\u00e1-los at\u00e9 as competi\u00e7\u00f5es realizadas no Rio. Em 1974, o Cantusca foi vice-campe\u00e3o no Torneio In\u00edcio de Polo<\/p>\n<p class=\"more-link\"><a href=\"https:\/\/cantodoriofc.com.br\/site\/polo-aquatico\/\" class=\"themebutton\">Read More<\/a><\/p>\n","protected":false},"author":1,"featured_media":0,"parent":0,"menu_order":0,"comment_status":"closed","ping_status":"closed","template":"","meta":{"footnotes":"","_links_to":"","_links_to_target":""},"class_list":["post-1014","page","type-page","status-publish","hentry"],"_links":{"self":[{"href":"https:\/\/cantodoriofc.com.br\/site\/wp-json\/wp\/v2\/pages\/1014","targetHints":{"allow":["GET"]}}],"collection":[{"href":"https:\/\/cantodoriofc.com.br\/site\/wp-json\/wp\/v2\/pages"}],"about":[{"href":"https:\/\/cantodoriofc.com.br\/site\/wp-json\/wp\/v2\/types\/page"}],"author":[{"embeddable":true,"href":"https:\/\/cantodoriofc.com.br\/site\/wp-json\/wp\/v2\/users\/1"}],"replies":[{"embeddable":true,"href":"https:\/\/cantodoriofc.com.br\/site\/wp-json\/wp\/v2\/comments?post=1014"}],"version-history":[{"count":1,"href":"https:\/\/cantodoriofc.com.br\/site\/wp-json\/wp\/v2\/pages\/1014\/revisions"}],"predecessor-version":[{"id":3403,"href":"https:\/\/cantodoriofc.com.br\/site\/wp-json\/wp\/v2\/pages\/1014\/revisions\/3403"}],"wp:attachment":[{"href":"https:\/\/cantodoriofc.com.br\/site\/wp-json\/wp\/v2\/media?parent=1014"}],"curies":[{"name":"wp","href":"https:\/\/api.w.org\/{rel}","templated":true}]}}