{"id":1024,"date":"2016-09-30T00:52:01","date_gmt":"2016-09-30T00:52:01","guid":{"rendered":"http:\/\/www.cantodoriofc.com.br\/site\/?page_id=1024"},"modified":"2023-04-27T13:54:53","modified_gmt":"2023-04-27T13:54:53","slug":"basquetebol","status":"publish","type":"page","link":"https:\/\/cantodoriofc.com.br\/site\/basquetebol\/","title":{"rendered":"Basquetebol"},"content":{"rendered":"<p style=\"text-align: justify;\">Na d\u00e9cada de 70, v\u00e1rios t\u00edtulos foram conquistados pelas equipes de basquetebol do Canto do Rio. Um t\u00edtulo de grande destaque foi o hexacampeonato do carioca de basquete, disputado no Rio de Janeiro. O auge de nosso time feminino aconteceu nos anos de 77 e 78, quando foram vice-campe\u00e3s, dois anos seguidos, no Campeonato Brasileiro de Basquetebol, perdendo apenas para a equipe de S\u00e3o Paulo.<\/p>\n<p style=\"text-align: justify;\"><a href=\"http:\/\/www.cantodoriofc.com.br\/site\/wp-content\/uploads\/2016\/09\/35.jpg\" rel=\"lightbox\"><img fetchpriority=\"high\" decoding=\"async\" class=\" size-medium wp-image-1044 alignleft\" src=\"http:\/\/www.cantodoriofc.com.br\/site\/wp-content\/uploads\/2016\/09\/35-300x246.jpg\" alt=\"35\" width=\"300\" height=\"246\"><\/a>Nos anos 80 tivemos uma excelente equipe de basquete feminino, treinada pelo t\u00e9cnico Celmo Teixeira Campos. Muitos t\u00edtulos importantes foram conquistados nessa \u00e9poca.&nbsp;Alguns dos nomes que passaram pelo basquete feminino do Canto do Rio foram: Cinthia Maria da Silva Fernandes, Katia Regina da Silva Fernandes, Eliana Paschal da Silva, Ilcemar Bruno, Dayse Miguel Nogueira, Hyrinea Borneo, Marjuri Bastos. No masculino tivemos:&nbsp; Marcelo Rocha, Carlos Alberto Rocha,&nbsp; \u00c9rico Ferreira Junior,&nbsp; Rodnei Alfradique Finizola, Carlo Augusto Silveira Rosa, Paulo Roberto Silveira Rosa,&nbsp; Alfredo Schmetzler,&nbsp; Paulo Chafon, Ricardo Miguel Nogueira, Ronaldo Miguel Nogueira, Ruy dos Santos Reisinger, Felipe dos Reis, Esquerdinha, Generoso, Jord\u00e3o, Bebeto, Eduardo Caminha, Miguel Palmier, Guguta, Patituci, Celmo Teixeira Campos e muitos outros. Al\u00e9m desses nomes ainda tivemos como atleta o jogador Decio Campos, que nunca se desligou do clube e atualmente \u00e9 o nosso vice-presidente de esportes.<\/p>\n<p style=\"text-align: justify;\">\n","protected":false},"excerpt":{"rendered":"<p>Na d\u00e9cada de 70, v\u00e1rios t\u00edtulos foram conquistados pelas equipes de basquetebol do Canto do Rio. Um t\u00edtulo de grande destaque foi o hexacampeonato do carioca de basquete, disputado no Rio de Janeiro. O auge de nosso time feminino aconteceu nos anos de 77 e 78, quando foram vice-campe\u00e3s, dois anos seguidos, no Campeonato Brasileiro<\/p>\n<p class=\"more-link\"><a href=\"https:\/\/cantodoriofc.com.br\/site\/basquetebol\/\" class=\"themebutton\">Read More<\/a><\/p>\n","protected":false},"author":1,"featured_media":0,"parent":0,"menu_order":0,"comment_status":"closed","ping_status":"closed","template":"","meta":{"footnotes":"","_links_to":"","_links_to_target":""},"class_list":["post-1024","page","type-page","status-publish","hentry"],"_links":{"self":[{"href":"https:\/\/cantodoriofc.com.br\/site\/wp-json\/wp\/v2\/pages\/1024","targetHints":{"allow":["GET"]}}],"collection":[{"href":"https:\/\/cantodoriofc.com.br\/site\/wp-json\/wp\/v2\/pages"}],"about":[{"href":"https:\/\/cantodoriofc.com.br\/site\/wp-json\/wp\/v2\/types\/page"}],"author":[{"embeddable":true,"href":"https:\/\/cantodoriofc.com.br\/site\/wp-json\/wp\/v2\/users\/1"}],"replies":[{"embeddable":true,"href":"https:\/\/cantodoriofc.com.br\/site\/wp-json\/wp\/v2\/comments?post=1024"}],"version-history":[{"count":1,"href":"https:\/\/cantodoriofc.com.br\/site\/wp-json\/wp\/v2\/pages\/1024\/revisions"}],"predecessor-version":[{"id":3393,"href":"https:\/\/cantodoriofc.com.br\/site\/wp-json\/wp\/v2\/pages\/1024\/revisions\/3393"}],"wp:attachment":[{"href":"https:\/\/cantodoriofc.com.br\/site\/wp-json\/wp\/v2\/media?parent=1024"}],"curies":[{"name":"wp","href":"https:\/\/api.w.org\/{rel}","templated":true}]}}