{"id":1027,"date":"2016-09-30T00:52:31","date_gmt":"2016-09-30T00:52:31","guid":{"rendered":"http:\/\/www.cantodoriofc.com.br\/site\/?page_id=1027"},"modified":"2023-04-27T14:04:14","modified_gmt":"2023-04-27T14:04:14","slug":"tenis","status":"publish","type":"page","link":"https:\/\/cantodoriofc.com.br\/site\/tenis\/","title":{"rendered":"T\u00eanis"},"content":{"rendered":"<p style=\"text-align: justify;\"><a href=\"http:\/\/www.cantodoriofc.com.br\/site\/wp-content\/uploads\/2016\/09\/T\u00eanis-3.jpg\" rel=\"lightbox\"><img fetchpriority=\"high\" decoding=\"async\" class=\" size-medium wp-image-1085 alignleft\" src=\"http:\/\/www.cantodoriofc.com.br\/site\/wp-content\/uploads\/2016\/09\/T\u00eanis-3-300x225.jpg\" alt=\"T\u00eanis-3\" width=\"300\" height=\"225\" \/><\/a>Em 1973, foi institu\u00edda a Escolinha de T\u00eanis, tendo como instrutor o professor Juarez Gon\u00e7alves de Barros, que tamb\u00e9m foi t\u00e9cnico de basquete e de v\u00f4lei, com alunos entre 10 e 18 anos.<\/p>\n<p style=\"text-align: justify;\">A primeira edi\u00e7\u00e3o do Torneio In\u00edcio de T\u00eanis foi realizada na quadra do clube, em junho de 1974, iniciando mais uma nova fase de competi\u00e7\u00f5es. Se destacaram na modalidade t\u00eanis de quadra os atletas: Murilo Castilho Gomes, Louise Lola Land Lomardo e Val\u00e9ria P\u00f3voa de Mattos. Na modalidade t\u00eanias de mesa o jogador Plinio Clovis Jord\u00e3o.<\/p>\n","protected":false},"excerpt":{"rendered":"<p>Em 1973, foi institu\u00edda a Escolinha de T\u00eanis, tendo como instrutor o professor Juarez Gon\u00e7alves de Barros, que tamb\u00e9m foi t\u00e9cnico de basquete e de v\u00f4lei, com alunos entre 10 e 18 anos. A primeira edi\u00e7\u00e3o do Torneio In\u00edcio de T\u00eanis foi realizada na quadra do clube, em junho de 1974, iniciando mais uma nova<\/p>\n<p class=\"more-link\"><a href=\"https:\/\/cantodoriofc.com.br\/site\/tenis\/\" class=\"themebutton\">Read More<\/a><\/p>\n","protected":false},"author":1,"featured_media":0,"parent":0,"menu_order":0,"comment_status":"closed","ping_status":"closed","template":"","meta":{"footnotes":"","_links_to":"","_links_to_target":""},"class_list":["post-1027","page","type-page","status-publish","hentry"],"_links":{"self":[{"href":"https:\/\/cantodoriofc.com.br\/site\/wp-json\/wp\/v2\/pages\/1027","targetHints":{"allow":["GET"]}}],"collection":[{"href":"https:\/\/cantodoriofc.com.br\/site\/wp-json\/wp\/v2\/pages"}],"about":[{"href":"https:\/\/cantodoriofc.com.br\/site\/wp-json\/wp\/v2\/types\/page"}],"author":[{"embeddable":true,"href":"https:\/\/cantodoriofc.com.br\/site\/wp-json\/wp\/v2\/users\/1"}],"replies":[{"embeddable":true,"href":"https:\/\/cantodoriofc.com.br\/site\/wp-json\/wp\/v2\/comments?post=1027"}],"version-history":[{"count":1,"href":"https:\/\/cantodoriofc.com.br\/site\/wp-json\/wp\/v2\/pages\/1027\/revisions"}],"predecessor-version":[{"id":3411,"href":"https:\/\/cantodoriofc.com.br\/site\/wp-json\/wp\/v2\/pages\/1027\/revisions\/3411"}],"wp:attachment":[{"href":"https:\/\/cantodoriofc.com.br\/site\/wp-json\/wp\/v2\/media?parent=1027"}],"curies":[{"name":"wp","href":"https:\/\/api.w.org\/{rel}","templated":true}]}}