{"id":1030,"date":"2016-09-30T00:53:05","date_gmt":"2016-09-30T00:53:05","guid":{"rendered":"http:\/\/www.cantodoriofc.com.br\/site\/?page_id=1030"},"modified":"2023-04-27T13:56:16","modified_gmt":"2023-04-27T13:56:16","slug":"judo","status":"publish","type":"page","link":"https:\/\/cantodoriofc.com.br\/site\/judo\/","title":{"rendered":"Jud\u00f4"},"content":{"rendered":"<p style=\"text-align: justify;\"><a href=\"http:\/\/www.cantodoriofc.com.br\/site\/wp-content\/uploads\/2016\/09\/judo-2.jpg\" rel=\"lightbox\"><img fetchpriority=\"high\" decoding=\"async\" class=\" size-medium wp-image-1081 alignright\" src=\"http:\/\/www.cantodoriofc.com.br\/site\/wp-content\/uploads\/2016\/09\/judo-2-300x205.jpg\" alt=\"judo-2\" width=\"300\" height=\"205\" \/><\/a>O jud\u00f4 \u00e9 uma arte marcial esportiva. Foi criado no Jap\u00e3o, em 1882, pelo professor de Educa\u00e7\u00e3o F\u00edsica Jigoro Kano. Ao criar esta arte marcial, Kano tinha como objetivo criar uma t\u00e9cnica de defesa pessoal, al\u00e9m de desenvolver o f\u00edsico, esp\u00edrito e mente. Esta arte marcial chegou ao Brasil no ano de 1922, em pleno per\u00edodo da imigra\u00e7\u00e3o japonesa.<\/p>\n<p style=\"text-align: justify;\">O esporte tamb\u00e9m teve a sua vez dentre os v\u00e1rias modalidades que fizeram parte da grade esportiva do Canto do Rio. Na d\u00e9cada de 70, o esporte formou novos atletas, que participavam de campeonatos dentro e fora do clube.<\/p>\n","protected":false},"excerpt":{"rendered":"<p>O jud\u00f4 \u00e9 uma arte marcial esportiva. Foi criado no Jap\u00e3o, em 1882, pelo professor de Educa\u00e7\u00e3o F\u00edsica Jigoro Kano. Ao criar esta arte marcial, Kano tinha como objetivo criar uma t\u00e9cnica de defesa pessoal, al\u00e9m de desenvolver o f\u00edsico, esp\u00edrito e mente. Esta arte marcial chegou ao Brasil no ano de 1922, em pleno<\/p>\n<p class=\"more-link\"><a href=\"https:\/\/cantodoriofc.com.br\/site\/judo\/\" class=\"themebutton\">Read More<\/a><\/p>\n","protected":false},"author":1,"featured_media":0,"parent":0,"menu_order":0,"comment_status":"closed","ping_status":"closed","template":"","meta":{"footnotes":"","_links_to":"","_links_to_target":""},"class_list":["post-1030","page","type-page","status-publish","hentry"],"_links":{"self":[{"href":"https:\/\/cantodoriofc.com.br\/site\/wp-json\/wp\/v2\/pages\/1030","targetHints":{"allow":["GET"]}}],"collection":[{"href":"https:\/\/cantodoriofc.com.br\/site\/wp-json\/wp\/v2\/pages"}],"about":[{"href":"https:\/\/cantodoriofc.com.br\/site\/wp-json\/wp\/v2\/types\/page"}],"author":[{"embeddable":true,"href":"https:\/\/cantodoriofc.com.br\/site\/wp-json\/wp\/v2\/users\/1"}],"replies":[{"embeddable":true,"href":"https:\/\/cantodoriofc.com.br\/site\/wp-json\/wp\/v2\/comments?post=1030"}],"version-history":[{"count":1,"href":"https:\/\/cantodoriofc.com.br\/site\/wp-json\/wp\/v2\/pages\/1030\/revisions"}],"predecessor-version":[{"id":3400,"href":"https:\/\/cantodoriofc.com.br\/site\/wp-json\/wp\/v2\/pages\/1030\/revisions\/3400"}],"wp:attachment":[{"href":"https:\/\/cantodoriofc.com.br\/site\/wp-json\/wp\/v2\/media?parent=1030"}],"curies":[{"name":"wp","href":"https:\/\/api.w.org\/{rel}","templated":true}]}}