{"id":2305,"date":"2018-02-19T22:09:51","date_gmt":"2018-02-19T22:09:51","guid":{"rendered":"http:\/\/www.cantodoriofc.com.br\/site\/?page_id=2305"},"modified":"2023-04-27T13:56:11","modified_gmt":"2023-04-27T13:56:11","slug":"informe","status":"publish","type":"page","link":"https:\/\/cantodoriofc.com.br\/site\/informe\/","title":{"rendered":"Informes"},"content":{"rendered":"<p>Confira nosso peri\u00f3dico mensal e fique por dentro de tudo que acontece aqui no Canto do Rio.<\/p>\n<h3>INFORMES DE 2019:<\/h3>\n<h4><a href=\"http:\/\/www.cantodoriofc.com.br\/site\/wp-content\/uploads\/2019\/04\/INFORME-ABRIL-2019-WEB.pdf\">Abril\u00a0<\/a><\/h4>\n<h4><a href=\"http:\/\/www.cantodoriofc.com.br\/site\/wp-content\/uploads\/2019\/03\/INFORME-MAR\u00c7O-2019.pdf\">Mar\u00e7o<\/a><\/h4>\n<h4><a href=\"http:\/\/www.cantodoriofc.com.br\/site\/wp-content\/uploads\/2019\/01\/INFORME-FEVEREIRO-2019-WEB.pdf\">Fevereiro<\/a><\/h4>\n<h4><a href=\"http:\/\/www.cantodoriofc.com.br\/site\/wp-content\/uploads\/2018\/12\/INFORME-JANEIRO-2019-WEB.pdf\">Janeiro<\/a><\/h4>\n<h3>INFORMES DE 2018:<\/h3>\n<h4><a href=\"http:\/\/www.cantodoriofc.com.br\/site\/wp-content\/uploads\/2018\/12\/Informe-Cantusca-Dezembro-2018-digital.pdf\" target=\"_blank\" rel=\"attachment noopener wp-att-2843\">Dezembro<\/a><\/h4>\n<h4><\/h4>\n<h4><a href=\"http:\/\/www.cantodoriofc.com.br\/site\/wp-content\/uploads\/2018\/11\/REVISTA-ESPECIAL-CANTO-DO-RIO-2018-WEB.pdf\">Novembro <\/a><a href=\"http:\/\/www.cantodoriofc.com.br\/site\/wp-content\/uploads\/2018\/11\/REVISTA-ESPECIAL-CANTO-DO-RIO-2018-WEB.pdf\">Revista Especial de Anivers\u00e1rio<\/a><\/h4>\n<h4><a href=\"http:\/\/www.cantodoriofc.com.br\/site\/wp-content\/uploads\/2018\/10\/Informe-outubro-2018.pdf\" target=\"_blank\" rel=\"attachment noopener wp-att-2843\">Outubro<\/a><\/h4>\n<h4><a href=\"http:\/\/www.cantodoriofc.com.br\/site\/wp-content\/uploads\/2018\/09\/Informe-setembro-2018.pdf\" rel=\"noopener\">Setembro<\/a><\/h4>\n<h4><a href=\"http:\/\/www.cantodoriofc.com.br\/site\/wp-content\/uploads\/2018\/02\/Informe-agosto-2018.pdf\">Agosto<\/a><\/h4>\n<h4><a href=\"http:\/\/www.cantodoriofc.com.br\/site\/wp-content\/uploads\/2018\/07\/Informe-Julho-2018.pdf\">Julho<\/a><\/h4>\n<h4><a href=\"http:\/\/www.cantodoriofc.com.br\/site\/wp-content\/uploads\/2018\/02\/Informe-junho-2018.pdf\">Junho<\/a><\/h4>\n<h4><a href=\"http:\/\/www.cantodoriofc.com.br\/site\/?attachment_id=2474\" rel=\"attachment wp-att-2474\">Maio<\/a><\/h4>\n<h4><a href=\"http:\/\/www.cantodoriofc.com.br\/site\/?attachment_id=2413\" rel=\"attachment wp-att-2413\">Abril<\/a><\/h4>\n<h4><a href=\"http:\/\/www.cantodoriofc.com.br\/site\/?attachment_id=2358\" rel=\"attachment wp-att-2358\">Mar\u00e7o\u00a0<\/a><\/h4>\n<h4><a href=\"http:\/\/www.cantodoriofc.com.br\/site\/?attachment_id=2362\" rel=\"attachment wp-att-2362\">Fevereiro<\/a><\/h4>\n<p>** Em breve, edi\u00e7\u00f5es anteriores.<\/p>\n","protected":false},"excerpt":{"rendered":"<p>Confira nosso peri\u00f3dico mensal e fique por dentro de tudo que acontece aqui no Canto do Rio. INFORMES DE 2019: Abril\u00a0 Mar\u00e7o Fevereiro Janeiro INFORMES DE 2018: Dezembro Novembro Revista Especial de Anivers\u00e1rio Outubro Setembro Agosto Julho Junho Maio Abril Mar\u00e7o\u00a0 Fevereiro ** Em breve, edi\u00e7\u00f5es anteriores.<\/p>\n","protected":false},"author":1,"featured_media":0,"parent":0,"menu_order":0,"comment_status":"closed","ping_status":"closed","template":"","meta":{"footnotes":"","_links_to":"","_links_to_target":""},"class_list":["post-2305","page","type-page","status-publish","hentry"],"_links":{"self":[{"href":"https:\/\/cantodoriofc.com.br\/site\/wp-json\/wp\/v2\/pages\/2305","targetHints":{"allow":["GET"]}}],"collection":[{"href":"https:\/\/cantodoriofc.com.br\/site\/wp-json\/wp\/v2\/pages"}],"about":[{"href":"https:\/\/cantodoriofc.com.br\/site\/wp-json\/wp\/v2\/types\/page"}],"author":[{"embeddable":true,"href":"https:\/\/cantodoriofc.com.br\/site\/wp-json\/wp\/v2\/users\/1"}],"replies":[{"embeddable":true,"href":"https:\/\/cantodoriofc.com.br\/site\/wp-json\/wp\/v2\/comments?post=2305"}],"version-history":[{"count":1,"href":"https:\/\/cantodoriofc.com.br\/site\/wp-json\/wp\/v2\/pages\/2305\/revisions"}],"predecessor-version":[{"id":3399,"href":"https:\/\/cantodoriofc.com.br\/site\/wp-json\/wp\/v2\/pages\/2305\/revisions\/3399"}],"wp:attachment":[{"href":"https:\/\/cantodoriofc.com.br\/site\/wp-json\/wp\/v2\/media?parent=2305"}],"curies":[{"name":"wp","href":"https:\/\/api.w.org\/{rel}","templated":true}]}}