{"id":2313,"date":"2018-02-19T22:25:53","date_gmt":"2018-02-19T22:25:53","guid":{"rendered":"http:\/\/www.cantodoriofc.com.br\/site\/?page_id=2313"},"modified":"2024-10-30T15:54:14","modified_gmt":"2024-10-30T15:54:14","slug":"base","status":"publish","type":"page","link":"https:\/\/cantodoriofc.com.br\/site\/base\/","title":{"rendered":"Base"},"content":{"rendered":"<p style=\"text-align: justify; line-height: 150%; background: white; vertical-align: baseline; margin: 0cm 0cm 15.0pt 0cm;\"><span style=\"font-family: 'Arial','sans-serif'; color: #404040;\">O Canto do Rio desenvolve um trabalho de forma\u00e7\u00e3o esportiva com quase 200 meninos nas categorias sub-7, 9, 11, 13 e 14. Os atletas treinam no gin\u00e1sio do Canto do Rio e no Campo do Gradim, em S\u00e3o Gon\u00e7alo. As equipes tem resultados positivos em todas as competi\u00e7\u00f5es que participam e em 2017 foram considerados a quarta for\u00e7a do futsal carioca pela Federa\u00e7\u00e3o de Futsal do Rio de Janeiro.<\/span><\/p>\n\n<div data-type=\"_mgwidget\" data-widget-id=\"1691361\"><\/div>\n\n\n\n<div data-type=\"_mgwidget\" data-widget-id=\"1691225\"><\/div>\n","protected":false},"excerpt":{"rendered":"<p>O Canto do Rio desenvolve um trabalho de forma\u00e7\u00e3o esportiva com quase 200 meninos nas categorias sub-7, 9, 11, 13 e 14. Os atletas treinam no gin\u00e1sio do Canto do Rio e no Campo do Gradim, em S\u00e3o Gon\u00e7alo. As equipes tem resultados positivos em todas as competi\u00e7\u00f5es que participam e em 2017 foram considerados<\/p>\n<p class=\"more-link\"><a href=\"https:\/\/cantodoriofc.com.br\/site\/base\/\" class=\"themebutton\">Read More<\/a><\/p>\n","protected":false},"author":1,"featured_media":2465,"parent":0,"menu_order":0,"comment_status":"closed","ping_status":"closed","template":"","meta":{"footnotes":"","_links_to":"","_links_to_target":""},"class_list":["post-2313","page","type-page","status-publish","has-post-thumbnail","hentry"],"_links":{"self":[{"href":"https:\/\/cantodoriofc.com.br\/site\/wp-json\/wp\/v2\/pages\/2313","targetHints":{"allow":["GET"]}}],"collection":[{"href":"https:\/\/cantodoriofc.com.br\/site\/wp-json\/wp\/v2\/pages"}],"about":[{"href":"https:\/\/cantodoriofc.com.br\/site\/wp-json\/wp\/v2\/types\/page"}],"author":[{"embeddable":true,"href":"https:\/\/cantodoriofc.com.br\/site\/wp-json\/wp\/v2\/users\/1"}],"replies":[{"embeddable":true,"href":"https:\/\/cantodoriofc.com.br\/site\/wp-json\/wp\/v2\/comments?post=2313"}],"version-history":[{"count":3,"href":"https:\/\/cantodoriofc.com.br\/site\/wp-json\/wp\/v2\/pages\/2313\/revisions"}],"predecessor-version":[{"id":3509,"href":"https:\/\/cantodoriofc.com.br\/site\/wp-json\/wp\/v2\/pages\/2313\/revisions\/3509"}],"wp:featuredmedia":[{"embeddable":true,"href":"https:\/\/cantodoriofc.com.br\/site\/wp-json\/"}],"wp:attachment":[{"href":"https:\/\/cantodoriofc.com.br\/site\/wp-json\/wp\/v2\/media?parent=2313"}],"curies":[{"name":"wp","href":"https:\/\/api.w.org\/{rel}","templated":true}]}}