{"id":2316,"date":"2018-02-19T22:26:13","date_gmt":"2018-02-19T22:26:13","guid":{"rendered":"http:\/\/www.cantodoriofc.com.br\/site\/?page_id=2316"},"modified":"2023-04-27T13:56:06","modified_gmt":"2023-04-27T13:56:06","slug":"futebol-profissional","status":"publish","type":"page","link":"https:\/\/cantodoriofc.com.br\/site\/futebol-profissional\/","title":{"rendered":"Futebol Profissional"},"content":{"rendered":"<p>Ap\u00f3s oito anos sem time profissional, o Canto do Rio reestreia em julho no Campeonato Carioca de Futebol.\u00a0 O time est\u00e1 treinando a todo vapor e j\u00e1 faz uma s\u00e9rie de amistosos. O retorno t\u00e3o esperado, acontece gra\u00e7as ao Plano de Patroc\u00ednio Coletivo lan\u00e7ado em novembro do ano passado. Oito empresas j\u00e1 est\u00e3o associadas ao projeto. Saiba mais no web site do <a href=\"https:\/\/cantusca30.ning.com\/\">Cantusca 30<\/a>.<\/p>\n<p>&nbsp;<\/p>\n<p>&nbsp;<\/p>\n","protected":false},"excerpt":{"rendered":"<p>Ap\u00f3s oito anos sem time profissional, o Canto do Rio reestreia em julho no Campeonato Carioca de Futebol.\u00a0 O time est\u00e1 treinando a todo vapor e j\u00e1 faz uma s\u00e9rie de amistosos. O retorno t\u00e3o esperado, acontece gra\u00e7as ao Plano de Patroc\u00ednio Coletivo lan\u00e7ado em novembro do ano passado. Oito empresas j\u00e1 est\u00e3o associadas ao<\/p>\n<p class=\"more-link\"><a href=\"https:\/\/cantodoriofc.com.br\/site\/futebol-profissional\/\" class=\"themebutton\">Read More<\/a><\/p>\n","protected":false},"author":1,"featured_media":2453,"parent":0,"menu_order":0,"comment_status":"closed","ping_status":"closed","template":"","meta":{"footnotes":"","_links_to":"","_links_to_target":""},"class_list":["post-2316","page","type-page","status-publish","has-post-thumbnail","hentry"],"_links":{"self":[{"href":"https:\/\/cantodoriofc.com.br\/site\/wp-json\/wp\/v2\/pages\/2316","targetHints":{"allow":["GET"]}}],"collection":[{"href":"https:\/\/cantodoriofc.com.br\/site\/wp-json\/wp\/v2\/pages"}],"about":[{"href":"https:\/\/cantodoriofc.com.br\/site\/wp-json\/wp\/v2\/types\/page"}],"author":[{"embeddable":true,"href":"https:\/\/cantodoriofc.com.br\/site\/wp-json\/wp\/v2\/users\/1"}],"replies":[{"embeddable":true,"href":"https:\/\/cantodoriofc.com.br\/site\/wp-json\/wp\/v2\/comments?post=2316"}],"version-history":[{"count":1,"href":"https:\/\/cantodoriofc.com.br\/site\/wp-json\/wp\/v2\/pages\/2316\/revisions"}],"predecessor-version":[{"id":3398,"href":"https:\/\/cantodoriofc.com.br\/site\/wp-json\/wp\/v2\/pages\/2316\/revisions\/3398"}],"wp:featuredmedia":[{"embeddable":true,"href":"https:\/\/cantodoriofc.com.br\/site\/wp-json\/"}],"wp:attachment":[{"href":"https:\/\/cantodoriofc.com.br\/site\/wp-json\/wp\/v2\/media?parent=2316"}],"curies":[{"name":"wp","href":"https:\/\/api.w.org\/{rel}","templated":true}]}}