{"id":63,"date":"2015-06-04T22:44:30","date_gmt":"2015-06-04T22:44:30","guid":{"rendered":"http:\/\/www.cantodoriofc.com.br\/site\/?page_id=63"},"modified":"2023-04-20T09:49:05","modified_gmt":"2023-04-20T09:49:05","slug":"membros","status":"publish","type":"page","link":"https:\/\/cantodoriofc.com.br\/site\/membros\/","title":{"rendered":"Membros"},"content":{"rendered":"<h1>Diretoria &#8211; Gest\u00e3o 2023\/2025<\/h1>\n<div class=\"div-membros bg-escuro\"><\/div>\n<div class=\"div-membros bg-escuro\"><\/div>\n<div class=\"div-membros bg-escuro\"><\/div>\n<h4>Presidente Executivo Em Exerc\u00edcio<\/h4>\n<p>Maria C\u00edcera de Ara\u00fajo<\/p>\n<h4>Presidente Executivo Em Exerc\u00edcio<\/h4>\n<p>Jorge Luiz Machado<\/p>\n<h4>Vice-Presidente Financeiro<\/h4>\n<p>Paulo Cesar Lintomen Amorim<\/p>\n<h4>Vice-presidente\u00a0de Esportes<\/h4>\n<p>Raphael de Medeiros Neto Cordeiro<\/p>\n<h4>Vice-presidente Social<\/h4>\n<p>Patr\u00edcia Pinheiro Alves<\/p>\n","protected":false},"excerpt":{"rendered":"<p>Diretoria &#8211; Gest\u00e3o 2023\/2025 Presidente Executivo Em Exerc\u00edcio Maria C\u00edcera de Ara\u00fajo Presidente Executivo Em Exerc\u00edcio Jorge Luiz Machado Vice-Presidente Financeiro Paulo Cesar Lintomen Amorim Vice-presidente\u00a0de Esportes Raphael de Medeiros Neto Cordeiro Vice-presidente Social Patr\u00edcia Pinheiro Alves<\/p>\n","protected":false},"author":1,"featured_media":0,"parent":0,"menu_order":0,"comment_status":"closed","ping_status":"closed","template":"","meta":{"footnotes":"","_links_to":"","_links_to_target":""},"class_list":["post-63","page","type-page","status-publish","hentry"],"_links":{"self":[{"href":"https:\/\/cantodoriofc.com.br\/site\/wp-json\/wp\/v2\/pages\/63","targetHints":{"allow":["GET"]}}],"collection":[{"href":"https:\/\/cantodoriofc.com.br\/site\/wp-json\/wp\/v2\/pages"}],"about":[{"href":"https:\/\/cantodoriofc.com.br\/site\/wp-json\/wp\/v2\/types\/page"}],"author":[{"embeddable":true,"href":"https:\/\/cantodoriofc.com.br\/site\/wp-json\/wp\/v2\/users\/1"}],"replies":[{"embeddable":true,"href":"https:\/\/cantodoriofc.com.br\/site\/wp-json\/wp\/v2\/comments?post=63"}],"version-history":[{"count":1,"href":"https:\/\/cantodoriofc.com.br\/site\/wp-json\/wp\/v2\/pages\/63\/revisions"}],"predecessor-version":[{"id":3358,"href":"https:\/\/cantodoriofc.com.br\/site\/wp-json\/wp\/v2\/pages\/63\/revisions\/3358"}],"wp:attachment":[{"href":"https:\/\/cantodoriofc.com.br\/site\/wp-json\/wp\/v2\/media?parent=63"}],"curies":[{"name":"wp","href":"https:\/\/api.w.org\/{rel}","templated":true}]}}