{"id":69,"date":"2015-06-04T22:52:08","date_gmt":"2015-06-04T22:52:08","guid":{"rendered":"http:\/\/www.cantodoriofc.com.br\/site\/?page_id=69"},"modified":"2023-06-03T02:27:09","modified_gmt":"2023-06-03T02:27:09","slug":"historia","status":"publish","type":"page","link":"https:\/\/cantodoriofc.com.br\/site\/historia\/","title":{"rendered":"Hist\u00f3ria"},"content":{"rendered":"<div class=\"centraliza\">\n<div id=\"box_page\">\n<h2><strong>O Clube<\/strong><\/h2>\n<p><strong>Canto do Rio Foot-Ball Club<\/strong>\u00a0\u00e9 uma agremia\u00e7\u00e3o esportiva da cidade de\u00a0Niter\u00f3i, no estado do\u00a0Rio de Janeiro. Foi fundado a\u00a014 de novembro\u00a0de\u00a01913.\u00a0Carinhosamente conhecido pelos torcedores como\u00a0<strong>Cantusca<\/strong>, o Canto do Rio tem como seus principais t\u00edtulos o do\u00a0<a href=\"https:\/\/pt.wikipedia.org\/wiki\/Torneio_In%C3%ADcio_do_Campeonato_Carioca\">Torneio In\u00edcio do Campeonato Carioca de 1953<\/a>\u00a0e o\u00a0<a href=\"https:\/\/pt.wikipedia.org\/wiki\/Campeonato_Fluminense_de_Futebol\">Torneio In\u00edcio do Campeonato Fluminense<\/a>\u00a0de\u00a01918\u00a0e\u00a01926.<\/p>\n<h2 style=\"text-align: justify;\"><strong>Em 1913 Nascia o Canto do Rio Foot-Ball Club (o nosso cantusca)<\/strong><\/h2>\n<p style=\"text-align: justify;\">O dia 14 de novembro de 1913 entra para a hist\u00f3ria do nosso \u201cCantusca\u201d como a data oficial da sua funda\u00e7\u00e3o, quando quatro garotos com idades entre nove e treze anos se reuniram, em Niter\u00f3i, para criar o Canto do Rio Foot -Ball Club, tendo como meta o futebol infantil. Seus nomes: Hugo Mariz de Figueiredo (o primeiro presidente do Cantusca), Cyro Domingues (criou o nome Canto do Rio), Ary Gurj\u00e3o e Adail Figueiredo.<\/p>\n<h2 style=\"text-align: justify;\"><strong>Funda\u00e7\u00e3o<\/strong><\/h2>\n<p style=\"text-align: justify;\"><a href=\"http:\/\/www.cantodoriofc.com.br\/site\/wp-content\/uploads\/2015\/06\/canto-do-rio-antiga.jpg\" rel=\"lightbox\"><img fetchpriority=\"high\" decoding=\"async\" class=\" size-medium wp-image-1034 alignright\" src=\"http:\/\/www.cantodoriofc.com.br\/site\/wp-content\/uploads\/2015\/06\/canto-do-rio-antiga-300x213.jpg\" alt=\"canto do rio antiga\" width=\"300\" height=\"213\" \/><\/a>Em 1918, o Cantusca deixaria de atuar somente no futebol infantil e logo se tornaria o time mais popular de Niter\u00f3i, disputando o campeonato municipal e conseguindo, em 1933, o seu primeiro t\u00edtulo como campe\u00e3o niteroiense: \u201cRepresentante Oficial do Estado do Rio\/AFEA\u201d. Foi um dos cinco fundadores da Associa\u00e7\u00e3o Fluminense de Esportes Atl\u00e9ticos (AFEA), que se tornaria, posteriormente, a Federa\u00e7\u00e3o Fluminense de Desportos, organizadora do futebol do antigo Estado do Rio de Janeiro. O Clube atuou no futebol profissional, de 1941 a 1964, \u00e9poca em que ficou conhecido como \u201cO Mais Querido da Cidade Sorriso\u201d.<\/p>\n<p style=\"text-align: justify;\">Nos tempos \u00e1ureos, o Cantusca formou muitos atletas, que se destacaram em v\u00e1rias modalidades esportivas, al\u00e9m do futebol, como nata\u00e7\u00e3o, polo aqu\u00e1tico, basquete, voleibol e t\u00eanis, participando de v\u00e1rios campeonatos, inclusive estaduais, e conquistando alguns t\u00edtulos, dos quais guarda em exposi\u00e7\u00e3o os trof\u00e9us, numa sala especial do andar t\u00e9rreo da sede.<\/p>\n<p style=\"text-align: justify;\">Conhe\u00e7a um pouco da hist\u00f3ria de nossos atletas <a href=\"http:\/\/www.cantodoriofc.com.br\/site\/?page_id=1002\">aqui<\/a>.<\/p>\n<\/div>\n<\/div>\n","protected":false},"excerpt":{"rendered":"<p>O Clube Canto do Rio Foot-Ball Club\u00a0\u00e9 uma agremia\u00e7\u00e3o esportiva da cidade de\u00a0Niter\u00f3i, no estado do\u00a0Rio de Janeiro. Foi fundado a\u00a014 de novembro\u00a0de\u00a01913.\u00a0Carinhosamente conhecido pelos torcedores como\u00a0Cantusca, o Canto do Rio tem como seus principais t\u00edtulos o do\u00a0Torneio In\u00edcio do Campeonato Carioca de 1953\u00a0e o\u00a0Torneio In\u00edcio do Campeonato Fluminense\u00a0de\u00a01918\u00a0e\u00a01926. Em 1913 Nascia o Canto do<\/p>\n<p class=\"more-link\"><a href=\"https:\/\/cantodoriofc.com.br\/site\/historia\/\" class=\"themebutton\">Read More<\/a><\/p>\n","protected":false},"author":1,"featured_media":0,"parent":0,"menu_order":0,"comment_status":"closed","ping_status":"closed","template":"","meta":{"footnotes":"","_links_to":"","_links_to_target":""},"class_list":["post-69","page","type-page","status-publish","hentry"],"_links":{"self":[{"href":"https:\/\/cantodoriofc.com.br\/site\/wp-json\/wp\/v2\/pages\/69","targetHints":{"allow":["GET"]}}],"collection":[{"href":"https:\/\/cantodoriofc.com.br\/site\/wp-json\/wp\/v2\/pages"}],"about":[{"href":"https:\/\/cantodoriofc.com.br\/site\/wp-json\/wp\/v2\/types\/page"}],"author":[{"embeddable":true,"href":"https:\/\/cantodoriofc.com.br\/site\/wp-json\/wp\/v2\/users\/1"}],"replies":[{"embeddable":true,"href":"https:\/\/cantodoriofc.com.br\/site\/wp-json\/wp\/v2\/comments?post=69"}],"version-history":[{"count":2,"href":"https:\/\/cantodoriofc.com.br\/site\/wp-json\/wp\/v2\/pages\/69\/revisions"}],"predecessor-version":[{"id":3432,"href":"https:\/\/cantodoriofc.com.br\/site\/wp-json\/wp\/v2\/pages\/69\/revisions\/3432"}],"wp:attachment":[{"href":"https:\/\/cantodoriofc.com.br\/site\/wp-json\/wp\/v2\/media?parent=69"}],"curies":[{"name":"wp","href":"https:\/\/api.w.org\/{rel}","templated":true}]}}