{"id":77,"date":"2015-06-04T22:58:19","date_gmt":"2015-06-04T22:58:19","guid":{"rendered":"http:\/\/www.cantodoriofc.com.br\/site\/?page_id=77"},"modified":"2015-06-04T22:58:19","modified_gmt":"2015-06-04T22:58:19","slug":"estatuto-do-clube","status":"publish","type":"page","link":"https:\/\/cantodoriofc.com.br\/site\/estatuto-do-clube\/","title":{"rendered":"Estatuto do Clube"},"content":{"rendered":"<p>O Estatuto determina as normas de funcionamento do<span class=\"text-danger font-weight-bold\"> Canto do Rio Foot-Ball Club<\/span>. S\u00e3o estas normas que estabelecem as finalidades e as atividades do Clube, assim como as obriga\u00e7\u00f5es e deveres dos s\u00f3cios, conselheiros, diretores e poderes do Clube.<\/p>\n\n\n<h2 class=\"wp-block-heading\" id=\"no-estatuto-voce-encontra-as-seguintes-informacoes\">No estatuto voc\u00ea encontra as seguintes informa\u00e7\u00f5es:<\/h2>\n\n\n\n<ul class=\"wp-block-list\" id=\"block-f5a4096c-bf65-4c27-9842-d351bde84521\"><li>O Clube e seus objetivos;<\/li><li>Hino, Bandeira e Escudos;<\/li><li>Composi\u00e7\u00e3o do Quadro Social;<\/li><li>Atribui\u00e7\u00f5es dos Conselhos;<\/li><li>Atribui\u00e7\u00f5es da Diretoria;<\/li><li>Patrim\u00f4nio do Clube.<\/li><\/ul>\n\n\n\n<p><a rel=\"noreferrer noopener\" href=\"http:\/\/www.cantodoriofc.com.br\/site\/wp-content\/uploads\/2015\/06\/Canto-Do-Rio-Foot-Ball-Club-6%C2%AA-Reforma-Estatut%C3%A1ria.pdf\" target=\"_blank\"><strong>Clique aqui para<\/strong><\/a> <strong>para baixar o nosso estatuto<\/strong>.           <\/p>\n","protected":false},"excerpt":{"rendered":"<p>O Estatuto determina as normas de funcionamento do Canto do Rio Foot-Ball Club. S\u00e3o estas normas que estabelecem as finalidades e as atividades do Clube, assim como as obriga\u00e7\u00f5es e deveres dos s\u00f3cios, conselheiros, diretores e poderes do Clube. No estatuto voc\u00ea encontra as seguintes informa\u00e7\u00f5es: O Clube e seus objetivos; Hino, Bandeira e Escudos;<\/p>\n<p class=\"more-link\"><a href=\"https:\/\/cantodoriofc.com.br\/site\/estatuto-do-clube\/\" class=\"themebutton\">Read More<\/a><\/p>\n","protected":false},"author":1,"featured_media":0,"parent":0,"menu_order":0,"comment_status":"closed","ping_status":"closed","template":"","meta":{"footnotes":"","_links_to":"","_links_to_target":""},"class_list":["post-77","page","type-page","status-publish","hentry"],"_links":{"self":[{"href":"https:\/\/cantodoriofc.com.br\/site\/wp-json\/wp\/v2\/pages\/77","targetHints":{"allow":["GET"]}}],"collection":[{"href":"https:\/\/cantodoriofc.com.br\/site\/wp-json\/wp\/v2\/pages"}],"about":[{"href":"https:\/\/cantodoriofc.com.br\/site\/wp-json\/wp\/v2\/types\/page"}],"author":[{"embeddable":true,"href":"https:\/\/cantodoriofc.com.br\/site\/wp-json\/wp\/v2\/users\/1"}],"replies":[{"embeddable":true,"href":"https:\/\/cantodoriofc.com.br\/site\/wp-json\/wp\/v2\/comments?post=77"}],"version-history":[{"count":0,"href":"https:\/\/cantodoriofc.com.br\/site\/wp-json\/wp\/v2\/pages\/77\/revisions"}],"wp:attachment":[{"href":"https:\/\/cantodoriofc.com.br\/site\/wp-json\/wp\/v2\/media?parent=77"}],"curies":[{"name":"wp","href":"https:\/\/api.w.org\/{rel}","templated":true}]}}